{"id":403,"date":"2025-08-19T07:16:01","date_gmt":"2025-08-19T07:16:01","guid":{"rendered":"https:\/\/consigo.hu\/?page_id=403"},"modified":"2025-08-19T07:51:36","modified_gmt":"2025-08-19T07:51:36","slug":"praeda-mobili-eula-hu","status":"publish","type":"page","link":"https:\/\/consigo.hu\/index.php\/praeda-mobili-eula-hu\/","title":{"rendered":"Praeda Mobili &#8211; EULA (HU)"},"content":{"rendered":"\t\t<div data-elementor-type=\"wp-page\" data-elementor-id=\"403\" class=\"elementor elementor-403\" data-elementor-post-type=\"page\">\n\t\t\t\t\t\t\t\t\t<section class=\"elementor-section elementor-top-section elementor-element elementor-element-6cd1048 elementor-section-boxed elementor-section-height-default elementor-section-height-default\" data-id=\"6cd1048\" data-element_type=\"section\">\n\t\t\t\t\t\t<div class=\"elementor-container elementor-column-gap-default\">\n\t\t\t\t\t<div class=\"elementor-column elementor-col-16 elementor-top-column elementor-element elementor-element-9e7c24f\" data-id=\"9e7c24f\" data-element_type=\"column\">\n\t\t\t<div class=\"elementor-widget-wrap\">\n\t\t\t\t\t\t\t\t\t<\/div>\n\t\t<\/div>\n\t\t\t\t<div class=\"elementor-column elementor-col-16 elementor-top-column elementor-element elementor-element-d0cf754\" data-id=\"d0cf754\" data-element_type=\"column\">\n\t\t\t<div class=\"elementor-widget-wrap\">\n\t\t\t\t\t\t\t\t\t<\/div>\n\t\t<\/div>\n\t\t\t\t<div class=\"elementor-column elementor-col-16 elementor-top-column elementor-element elementor-element-3c19400\" data-id=\"3c19400\" data-element_type=\"column\">\n\t\t\t<div class=\"elementor-widget-wrap\">\n\t\t\t\t\t\t\t\t\t<\/div>\n\t\t<\/div>\n\t\t\t\t<div class=\"elementor-column elementor-col-16 elementor-top-column elementor-element elementor-element-43a0407\" data-id=\"43a0407\" data-element_type=\"column\">\n\t\t\t<div class=\"elementor-widget-wrap elementor-element-populated\">\n\t\t\t\t\t\t\t\t<div class=\"elementor-element elementor-element-fbf963a elementor-widget__width-initial elementor-widget elementor-widget-button\" data-id=\"fbf963a\" data-element_type=\"widget\" data-widget_type=\"button.default\">\n\t\t\t\t<div class=\"elementor-widget-container\">\n\t\t\t\t\t<div class=\"elementor-button-wrapper\">\n\t\t\t<a class=\"elementor-button elementor-button-link elementor-size-sm\" href=\"https:\/\/consigo.hu\/index.php\/praeda-mobili-eula-de\/\">\n\t\t\t\t\t\t<span class=\"elementor-button-content-wrapper\">\n\t\t\t\t\t\t<span class=\"elementor-button-text\">DE<\/span>\n\t\t<\/span>\n\t\t\t\t\t<\/a>\n\t\t<\/div>\n\t\t\t\t<\/div>\n\t\t\t\t<\/div>\n\t\t\t\t\t<\/div>\n\t\t<\/div>\n\t\t\t\t<div class=\"elementor-column elementor-col-16 elementor-top-column elementor-element elementor-element-388ff0f\" data-id=\"388ff0f\" data-element_type=\"column\">\n\t\t\t<div class=\"elementor-widget-wrap elementor-element-populated\">\n\t\t\t\t\t\t\t\t<div class=\"elementor-element elementor-element-d2d6400 elementor-widget elementor-widget-button\" data-id=\"d2d6400\" data-element_type=\"widget\" data-widget_type=\"button.default\">\n\t\t\t\t<div class=\"elementor-widget-container\">\n\t\t\t\t\t<div class=\"elementor-button-wrapper\">\n\t\t\t<a class=\"elementor-button elementor-button-link elementor-size-sm\" href=\"https:\/\/consigo.hu\/index.php\/praeda-mobili-eula-en\/\">\n\t\t\t\t\t\t<span class=\"elementor-button-content-wrapper\">\n\t\t\t\t\t\t<span class=\"elementor-button-text\">EN<\/span>\n\t\t<\/span>\n\t\t\t\t\t<\/a>\n\t\t<\/div>\n\t\t\t\t<\/div>\n\t\t\t\t<\/div>\n\t\t\t\t\t<\/div>\n\t\t<\/div>\n\t\t\t\t<div class=\"elementor-column elementor-col-16 elementor-top-column elementor-element elementor-element-5971316\" data-id=\"5971316\" data-element_type=\"column\">\n\t\t\t<div class=\"elementor-widget-wrap elementor-element-populated\">\n\t\t\t\t\t\t\t\t<div class=\"elementor-element elementor-element-eba4212 elementor-widget elementor-widget-button\" data-id=\"eba4212\" data-element_type=\"widget\" data-widget_type=\"button.default\">\n\t\t\t\t<div class=\"elementor-widget-container\">\n\t\t\t\t\t<div class=\"elementor-button-wrapper\">\n\t\t\t<a class=\"elementor-button elementor-button-link elementor-size-sm\" href=\"https:\/\/consigo.hu\/index.php\/praeda-mobili-eula-hu\/\">\n\t\t\t\t\t\t<span class=\"elementor-button-content-wrapper\">\n\t\t\t\t\t\t<span class=\"elementor-button-text\">HU<\/span>\n\t\t<\/span>\n\t\t\t\t\t<\/a>\n\t\t<\/div>\n\t\t\t\t<\/div>\n\t\t\t\t<\/div>\n\t\t\t\t\t<\/div>\n\t\t<\/div>\n\t\t\t\t\t\t\t<\/div>\n\t\t<\/section>\n\t\t\t\t<section class=\"elementor-section elementor-top-section elementor-element elementor-element-3397f96 elementor-section-boxed elementor-section-height-default elementor-section-height-default\" data-id=\"3397f96\" data-element_type=\"section\">\n\t\t\t\t\t\t<div class=\"elementor-container elementor-column-gap-default\">\n\t\t\t\t\t<div class=\"elementor-column elementor-col-100 elementor-top-column elementor-element elementor-element-9a9afe4\" data-id=\"9a9afe4\" data-element_type=\"column\">\n\t\t\t<div class=\"elementor-widget-wrap elementor-element-populated\">\n\t\t\t\t\t\t\t\t<div class=\"elementor-element elementor-element-72fd9e2 elementor-widget elementor-widget-image\" data-id=\"72fd9e2\" data-element_type=\"widget\" data-widget_type=\"image.default\">\n\t\t\t\t<div class=\"elementor-widget-container\">\n\t\t\t<style>\/*! elementor - v3.16.0 - 17-10-2023 *\/\n.elementor-widget-image{text-align:center}.elementor-widget-image a{display:inline-block}.elementor-widget-image a img[src$=\".svg\"]{width:48px}.elementor-widget-image img{vertical-align:middle;display:inline-block}<\/style>\t\t\t\t\t\t\t\t\t\t\t\t<img loading=\"lazy\" decoding=\"async\" width=\"454\" height=\"165\" src=\"https:\/\/consigo.hu\/wp-content\/uploads\/2025\/08\/consigo_logo_new_tr.png\" class=\"attachment-large size-large wp-image-405\" alt=\"\" srcset=\"https:\/\/consigo.hu\/wp-content\/uploads\/2025\/08\/consigo_logo_new_tr.png 454w, https:\/\/consigo.hu\/wp-content\/uploads\/2025\/08\/consigo_logo_new_tr-300x109.png 300w\" sizes=\"auto, (max-width: 454px) 100vw, 454px\" \/>\t\t\t\t\t\t\t\t\t\t\t\t\t\t\t<\/div>\n\t\t\t\t<\/div>\n\t\t\t\t\t<\/div>\n\t\t<\/div>\n\t\t\t\t\t\t\t<\/div>\n\t\t<\/section>\n\t\t\t\t<section class=\"elementor-section elementor-top-section elementor-element elementor-element-eb0d30c elementor-section-boxed elementor-section-height-default elementor-section-height-default\" data-id=\"eb0d30c\" data-element_type=\"section\">\n\t\t\t\t\t\t<div class=\"elementor-container elementor-column-gap-default\">\n\t\t\t\t\t<div class=\"elementor-column elementor-col-100 elementor-top-column elementor-element elementor-element-3a05782\" data-id=\"3a05782\" data-element_type=\"column\">\n\t\t\t<div class=\"elementor-widget-wrap elementor-element-populated\">\n\t\t\t\t\t\t\t\t<div class=\"elementor-element elementor-element-6d497af elementor-widget elementor-widget-text-editor\" data-id=\"6d497af\" data-element_type=\"widget\" data-widget_type=\"text-editor.default\">\n\t\t\t\t<div class=\"elementor-widget-container\">\n\t\t\t<style>\/*! elementor - v3.16.0 - 17-10-2023 *\/\n.elementor-widget-text-editor.elementor-drop-cap-view-stacked .elementor-drop-cap{background-color:#69727d;color:#fff}.elementor-widget-text-editor.elementor-drop-cap-view-framed .elementor-drop-cap{color:#69727d;border:3px solid;background-color:transparent}.elementor-widget-text-editor:not(.elementor-drop-cap-view-default) .elementor-drop-cap{margin-top:8px}.elementor-widget-text-editor:not(.elementor-drop-cap-view-default) .elementor-drop-cap-letter{width:1em;height:1em}.elementor-widget-text-editor .elementor-drop-cap{float:left;text-align:center;line-height:1;font-size:50px}.elementor-widget-text-editor .elementor-drop-cap-letter{display:inline-block}<\/style>\t\t\t\t<h3 style=\"text-align: center;\">V\u00e9gfelhaszn\u00e1l\u00f3i Licencszerz\u0151d\u00e9s (EULA)<\/h3><h6 class=\"meta\" style=\"text-align: center;\"><strong>Praeda Mobili mobilalkalmaz\u00e1s<br \/><\/strong>K\u00e9sz\u00edtette: Consigo Solutions Kft.<\/h6><h4>1. Bevezet\u00e9s<\/h4><p>Jelen V\u00e9gfelhaszn\u00e1l\u00f3i Licencszerz\u0151d\u00e9s (\u201eEULA\u201d) a <strong>Praeda Mobili<\/strong> mobilalkalmaz\u00e1s (\u201eAlkalmaz\u00e1s\u201d) haszn\u00e1lat\u00e1ra vonatkoz\u00f3 felt\u00e9teleket tartalmazza. Az Alkalmaz\u00e1st a <strong>Consigo Solutions Kft.<\/strong> (sz\u00e9khely: 7761 Koz\u00e1rmisleny, Orgona utca 24.2, ad\u00f3sz\u00e1m: 32345403-2-02, EU ad\u00f3sz\u00e1m: HU32345403) k\u00e9sz\u00edtette \u00e9s biztos\u00edtja.<\/p><p>Az Alkalmaz\u00e1s haszn\u00e1lat\u00e1val a felhaszn\u00e1l\u00f3 (\u201eFelhaszn\u00e1l\u00f3\u201d) elfogadja jelen EULA felt\u00e9teleit.<\/p><h4>2. Jogosult haszn\u00e1lat<\/h4><p>Az Alkalmaz\u00e1st kiz\u00e1r\u00f3lag az al\u00e1bbi szem\u00e9lyek haszn\u00e1lhatj\u00e1k a munkav\u00e9gz\u00e9shez kapcsol\u00f3d\u00f3 feladatok ell\u00e1t\u00e1sa sor\u00e1n:<\/p><ul><li>a vadh\u00fasfeldolgoz\u00f3 v\u00e1llalat dolgoz\u00f3i, valamint<\/li><li>a vadh\u00fasfeldolgoz\u00f3val szerz\u0151d\u00e9ses kapcsolatban \u00e1ll\u00f3 vad\u00e1szt\u00e1rsas\u00e1gok vad\u00e1szai.<\/li><\/ul><p>Az Alkalmaz\u00e1s nem nyilv\u00e1nos, harmadik f\u00e9l r\u00e9sz\u00e9re nem adhat\u00f3 \u00e1t, nem \u00e9rt\u00e9kes\u00edthet\u0151 tov\u00e1bb, \u00e9s kiz\u00e1r\u00f3lag rendeltet\u00e9sszer\u0171en haszn\u00e1lhat\u00f3.<\/p><h4>3. Szellemi tulajdon<\/h4><ul><li>Az Alkalmaz\u00e1s \u00e9s annak minden eleme (szoftverk\u00f3d, grafika, strukt\u00fara) a <strong>Consigo Solutions Kft.<\/strong> szellemi tulajdona.<\/li><li>A Felhaszn\u00e1l\u00f3k \u00e1ltal bevitt adatok (pl. fot\u00f3k, jegyzetek) a <strong>vadh\u00fasfeldolgoz\u00f3 tulajdon\u00e1t<\/strong> k\u00e9pezik.<\/li><\/ul><h4>4. Korl\u00e1toz\u00e1sok<\/h4><p>A Felhaszn\u00e1l\u00f3 nem jogosult az Alkalmaz\u00e1s forr\u00e1sk\u00f3dj\u00e1t visszafejteni, m\u00f3dos\u00edtani, m\u00e1solni, b\u00e9rbe adni, \u00e9rt\u00e9kes\u00edteni, illetve az Alkalmaz\u00e1st a rendeltet\u00e9s\u00e9t\u0151l elt\u00e9r\u0151 c\u00e9lra haszn\u00e1lni.<\/p><h4>5. Felel\u0151ss\u00e9gkorl\u00e1toz\u00e1s<\/h4><p>Az Alkalmaz\u00e1s \u201eahogy van\u201d \u00e1llapotban ker\u00fcl biztos\u00edt\u00e1sra. A <strong>Consigo Solutions Kft.<\/strong> nem v\u00e1llal felel\u0151ss\u00e9get az Alkalmaz\u00e1s hibamentes \u00e9s folyamatos m\u0171k\u00f6d\u00e9s\u00e9\u00e9rt, tov\u00e1bb\u00e1 nem felel k\u00f6zvetett vagy k\u00f6vetkezm\u00e9nyi k\u00e1rok\u00e9rt (ide\u00e9rtve t\u00f6bbek k\u00f6z\u00f6tt az adminisztr\u00e1ci\u00f3s hib\u00e1kb\u00f3l, k\u00e9sedelmekb\u0151l ered\u0151 k\u00e1rokat).<\/p><h4>6. Friss\u00edt\u00e9sek \u00e9s m\u00f3dos\u00edt\u00e1sok<\/h4><p>A Consigo Solutions Kft. jogosult az Alkalmaz\u00e1st b\u00e1rmikor friss\u00edteni vagy m\u00f3dos\u00edtani. A m\u00f3dos\u00edtott EULA automatikusan alkalmazand\u00f3 az \u00faj verzi\u00f3 haszn\u00e1lat\u00e1ra.<\/p><h4>7. Megsz\u0171n\u00e9s<\/h4><p>A vadh\u00fasfeldolgoz\u00f3 v\u00e1llalat, illetve a Consigo Solutions Kft. jogosult a hozz\u00e1f\u00e9r\u00e9st azonnali hat\u00e1llyal megsz\u00fcntetni, amennyiben a Felhaszn\u00e1l\u00f3 megs\u00e9rti a jelen szerz\u0151d\u00e9s felt\u00e9teleit.<\/p><h4>8. Ir\u00e1nyad\u00f3 jog<\/h4><p>Jelen EULA-ra a magyar jog az ir\u00e1nyad\u00f3.<\/p><footer>\u00a9 2025 Consigo Solutions Kft. \u2013 Ez a dokumentum t\u00e1j\u00e9koztat\u00f3 jelleg\u0171, nem min\u0151s\u00fcl jogi tan\u00e1csad\u00e1snak.<p>\u00a0<\/p><\/footer>\t\t\t\t\t\t<\/div>\n\t\t\t\t<\/div>\n\t\t\t\t\t<\/div>\n\t\t<\/div>\n\t\t\t\t\t\t\t<\/div>\n\t\t<\/section>\n\t\t\t\t\t\t\t<\/div>\n\t\t","protected":false},"excerpt":{"rendered":"<p>DE EN HU V\u00e9gfelhaszn\u00e1l\u00f3i Licencszerz\u0151d\u00e9s (EULA) Praeda Mobili mobilalkalmaz\u00e1sK\u00e9sz\u00edtette: Consigo Solutions Kft. 1. Bevezet\u00e9s Jelen V\u00e9gfelhaszn\u00e1l\u00f3i Licencszerz\u0151d\u00e9s (\u201eEULA\u201d) a Praeda Mobili mobilalkalmaz\u00e1s (\u201eAlkalmaz\u00e1s\u201d) haszn\u00e1lat\u00e1ra vonatkoz\u00f3 felt\u00e9teleket tartalmazza. Az Alkalmaz\u00e1st a Consigo Solutions Kft. (sz\u00e9khely: 7761 Koz\u00e1rmisleny, Orgona utca 24.2, ad\u00f3sz\u00e1m: 32345403-2-02, EU ad\u00f3sz\u00e1m: HU32345403) k\u00e9sz\u00edtette \u00e9s biztos\u00edtja. Az Alkalmaz\u00e1s haszn\u00e1lat\u00e1val a felhaszn\u00e1l\u00f3 (\u201eFelhaszn\u00e1l\u00f3\u201d) elfogadja jelen [&hellip;]<\/p>\n","protected":false},"author":1,"featured_media":0,"parent":0,"menu_order":0,"comment_status":"closed","ping_status":"closed","template":"blank","meta":{"footnotes":""},"class_list":["post-403","page","type-page","status-publish","hentry"],"_links":{"self":[{"href":"https:\/\/consigo.hu\/index.php\/wp-json\/wp\/v2\/pages\/403","targetHints":{"allow":["GET"]}}],"collection":[{"href":"https:\/\/consigo.hu\/index.php\/wp-json\/wp\/v2\/pages"}],"about":[{"href":"https:\/\/consigo.hu\/index.php\/wp-json\/wp\/v2\/types\/page"}],"author":[{"embeddable":true,"href":"https:\/\/consigo.hu\/index.php\/wp-json\/wp\/v2\/users\/1"}],"replies":[{"embeddable":true,"href":"https:\/\/consigo.hu\/index.php\/wp-json\/wp\/v2\/comments?post=403"}],"version-history":[{"count":30,"href":"https:\/\/consigo.hu\/index.php\/wp-json\/wp\/v2\/pages\/403\/revisions"}],"predecessor-version":[{"id":455,"href":"https:\/\/consigo.hu\/index.php\/wp-json\/wp\/v2\/pages\/403\/revisions\/455"}],"wp:attachment":[{"href":"https:\/\/consigo.hu\/index.php\/wp-json\/wp\/v2\/media?parent=403"}],"curies":[{"name":"wp","href":"https:\/\/api.w.org\/{rel}","templated":true}]}}