{"id":442,"date":"2025-08-19T07:48:35","date_gmt":"2025-08-19T07:48:35","guid":{"rendered":"https:\/\/consigo.hu\/?page_id=442"},"modified":"2025-08-19T08:28:24","modified_gmt":"2025-08-19T08:28:24","slug":"praeda-mobili-eula-de","status":"publish","type":"page","link":"https:\/\/consigo.hu\/index.php\/praeda-mobili-eula-de\/","title":{"rendered":"Praeda Mobili &#8211; EULA (DE)"},"content":{"rendered":"\t\t<div data-elementor-type=\"wp-page\" data-elementor-id=\"442\" class=\"elementor elementor-442\" data-elementor-post-type=\"page\">\n\t\t\t\t\t\t\t\t\t<section class=\"elementor-section elementor-top-section elementor-element elementor-element-4b37f8f elementor-section-boxed elementor-section-height-default elementor-section-height-default\" data-id=\"4b37f8f\" data-element_type=\"section\">\n\t\t\t\t\t\t<div class=\"elementor-container elementor-column-gap-default\">\n\t\t\t\t\t<div class=\"elementor-column elementor-col-16 elementor-top-column elementor-element elementor-element-6b7c0f7\" data-id=\"6b7c0f7\" data-element_type=\"column\">\n\t\t\t<div class=\"elementor-widget-wrap\">\n\t\t\t\t\t\t\t\t\t<\/div>\n\t\t<\/div>\n\t\t\t\t<div class=\"elementor-column elementor-col-16 elementor-top-column elementor-element elementor-element-87b2e55\" data-id=\"87b2e55\" data-element_type=\"column\">\n\t\t\t<div class=\"elementor-widget-wrap\">\n\t\t\t\t\t\t\t\t\t<\/div>\n\t\t<\/div>\n\t\t\t\t<div class=\"elementor-column elementor-col-16 elementor-top-column elementor-element elementor-element-dc8bb41\" data-id=\"dc8bb41\" data-element_type=\"column\">\n\t\t\t<div class=\"elementor-widget-wrap\">\n\t\t\t\t\t\t\t\t\t<\/div>\n\t\t<\/div>\n\t\t\t\t<div class=\"elementor-column elementor-col-16 elementor-top-column elementor-element elementor-element-5f2ad35\" data-id=\"5f2ad35\" data-element_type=\"column\">\n\t\t\t<div class=\"elementor-widget-wrap elementor-element-populated\">\n\t\t\t\t\t\t\t\t<div class=\"elementor-element elementor-element-8fc1a68 elementor-widget elementor-widget-button\" data-id=\"8fc1a68\" data-element_type=\"widget\" data-widget_type=\"button.default\">\n\t\t\t\t<div class=\"elementor-widget-container\">\n\t\t\t\t\t<div class=\"elementor-button-wrapper\">\n\t\t\t<a class=\"elementor-button elementor-button-link elementor-size-sm\" href=\"https:\/\/consigo.hu\/index.php\/praeda-mobili-eula-de\/\">\n\t\t\t\t\t\t<span class=\"elementor-button-content-wrapper\">\n\t\t\t\t\t\t<span class=\"elementor-button-text\">DE<\/span>\n\t\t<\/span>\n\t\t\t\t\t<\/a>\n\t\t<\/div>\n\t\t\t\t<\/div>\n\t\t\t\t<\/div>\n\t\t\t\t\t<\/div>\n\t\t<\/div>\n\t\t\t\t<div class=\"elementor-column elementor-col-16 elementor-top-column elementor-element elementor-element-0fdef44\" data-id=\"0fdef44\" data-element_type=\"column\">\n\t\t\t<div class=\"elementor-widget-wrap elementor-element-populated\">\n\t\t\t\t\t\t\t\t<div class=\"elementor-element elementor-element-96fc497 elementor-widget elementor-widget-button\" data-id=\"96fc497\" data-element_type=\"widget\" data-widget_type=\"button.default\">\n\t\t\t\t<div class=\"elementor-widget-container\">\n\t\t\t\t\t<div class=\"elementor-button-wrapper\">\n\t\t\t<a class=\"elementor-button elementor-button-link elementor-size-sm\" href=\"https:\/\/consigo.hu\/index.php\/praeda-mobili-eula-en\/\">\n\t\t\t\t\t\t<span class=\"elementor-button-content-wrapper\">\n\t\t\t\t\t\t<span class=\"elementor-button-text\">EN<\/span>\n\t\t<\/span>\n\t\t\t\t\t<\/a>\n\t\t<\/div>\n\t\t\t\t<\/div>\n\t\t\t\t<\/div>\n\t\t\t\t\t<\/div>\n\t\t<\/div>\n\t\t\t\t<div class=\"elementor-column elementor-col-16 elementor-top-column elementor-element elementor-element-d5814ca\" data-id=\"d5814ca\" data-element_type=\"column\">\n\t\t\t<div class=\"elementor-widget-wrap elementor-element-populated\">\n\t\t\t\t\t\t\t\t<div class=\"elementor-element elementor-element-0286a5c elementor-widget elementor-widget-button\" data-id=\"0286a5c\" data-element_type=\"widget\" data-widget_type=\"button.default\">\n\t\t\t\t<div class=\"elementor-widget-container\">\n\t\t\t\t\t<div class=\"elementor-button-wrapper\">\n\t\t\t<a class=\"elementor-button elementor-button-link elementor-size-sm\" href=\"https:\/\/consigo.hu\/index.php\/praeda-mobili-eula-hu\/\">\n\t\t\t\t\t\t<span class=\"elementor-button-content-wrapper\">\n\t\t\t\t\t\t<span class=\"elementor-button-text\">HU<\/span>\n\t\t<\/span>\n\t\t\t\t\t<\/a>\n\t\t<\/div>\n\t\t\t\t<\/div>\n\t\t\t\t<\/div>\n\t\t\t\t\t<\/div>\n\t\t<\/div>\n\t\t\t\t\t\t\t<\/div>\n\t\t<\/section>\n\t\t\t\t<section class=\"elementor-section elementor-top-section elementor-element elementor-element-7185b1c elementor-section-boxed elementor-section-height-default elementor-section-height-default\" data-id=\"7185b1c\" data-element_type=\"section\">\n\t\t\t\t\t\t<div class=\"elementor-container elementor-column-gap-default\">\n\t\t\t\t\t<div class=\"elementor-column elementor-col-100 elementor-top-column elementor-element elementor-element-fe14652\" data-id=\"fe14652\" data-element_type=\"column\">\n\t\t\t<div class=\"elementor-widget-wrap elementor-element-populated\">\n\t\t\t\t\t\t\t\t<div class=\"elementor-element elementor-element-ec55ef0 elementor-widget elementor-widget-image\" data-id=\"ec55ef0\" data-element_type=\"widget\" data-widget_type=\"image.default\">\n\t\t\t\t<div class=\"elementor-widget-container\">\n\t\t\t<style>\/*! elementor - v3.16.0 - 17-10-2023 *\/\n.elementor-widget-image{text-align:center}.elementor-widget-image a{display:inline-block}.elementor-widget-image a img[src$=\".svg\"]{width:48px}.elementor-widget-image img{vertical-align:middle;display:inline-block}<\/style>\t\t\t\t\t\t\t\t\t\t\t\t<img loading=\"lazy\" decoding=\"async\" width=\"454\" height=\"165\" src=\"https:\/\/consigo.hu\/wp-content\/uploads\/2025\/08\/consigo_logo_new_tr-2.png\" class=\"attachment-large size-large wp-image-443\" alt=\"\" srcset=\"https:\/\/consigo.hu\/wp-content\/uploads\/2025\/08\/consigo_logo_new_tr-2.png 454w, https:\/\/consigo.hu\/wp-content\/uploads\/2025\/08\/consigo_logo_new_tr-2-300x109.png 300w\" sizes=\"auto, (max-width: 454px) 100vw, 454px\" \/>\t\t\t\t\t\t\t\t\t\t\t\t\t\t\t<\/div>\n\t\t\t\t<\/div>\n\t\t\t\t\t<\/div>\n\t\t<\/div>\n\t\t\t\t\t\t\t<\/div>\n\t\t<\/section>\n\t\t\t\t<section class=\"elementor-section elementor-top-section elementor-element elementor-element-feb25d1 elementor-section-boxed elementor-section-height-default elementor-section-height-default\" data-id=\"feb25d1\" data-element_type=\"section\">\n\t\t\t\t\t\t<div class=\"elementor-container elementor-column-gap-default\">\n\t\t\t\t\t<div class=\"elementor-column elementor-col-100 elementor-top-column elementor-element elementor-element-15aab34\" data-id=\"15aab34\" data-element_type=\"column\">\n\t\t\t<div class=\"elementor-widget-wrap elementor-element-populated\">\n\t\t\t\t\t\t\t\t<div class=\"elementor-element elementor-element-f9b4d56 elementor-widget elementor-widget-text-editor\" data-id=\"f9b4d56\" data-element_type=\"widget\" data-widget_type=\"text-editor.default\">\n\t\t\t\t<div class=\"elementor-widget-container\">\n\t\t\t<style>\/*! elementor - v3.16.0 - 17-10-2023 *\/\n.elementor-widget-text-editor.elementor-drop-cap-view-stacked .elementor-drop-cap{background-color:#69727d;color:#fff}.elementor-widget-text-editor.elementor-drop-cap-view-framed .elementor-drop-cap{color:#69727d;border:3px solid;background-color:transparent}.elementor-widget-text-editor:not(.elementor-drop-cap-view-default) .elementor-drop-cap{margin-top:8px}.elementor-widget-text-editor:not(.elementor-drop-cap-view-default) .elementor-drop-cap-letter{width:1em;height:1em}.elementor-widget-text-editor .elementor-drop-cap{float:left;text-align:center;line-height:1;font-size:50px}.elementor-widget-text-editor .elementor-drop-cap-letter{display:inline-block}<\/style>\t\t\t\t<h4 style=\"text-align: center;\">Endbenutzer-Lizenzvereinbarung (EULA)<\/h4><h5 class=\"meta\" style=\"text-align: center;\"><strong>Praeda Mobili Mobilanwendung<\/strong><br \/>Erstellt von: Consigo Solutions Kft.<\/h5><h4>1. Einleitung<\/h4><p>Diese Endbenutzer-Lizenzvereinbarung (\u201eEULA\u201c) legt die Bedingungen f\u00fcr die Nutzung der <strong>Praeda Mobili<\/strong> Mobilanwendung (\u201eAnwendung\u201c) fest. Die Anwendung wurde von <strong>Consigo Solutions Kft.<\/strong> (Sitz: 7761 Koz\u00e1rmisleny, Orgona utca 24.2, Steuernr.: 32345403-2-02, EU-USt-IdNr.: HU32345403) erstellt und bereitgestellt.<\/p><p>Durch die Nutzung der Anwendung akzeptiert der Benutzer (\u201eBenutzer\u201c) die Bedingungen dieser EULA.<\/p><h4>2. Berechtigte Nutzung<\/h4><p>Die Anwendung darf ausschlie\u00dflich f\u00fcr arbeitsbezogene Aufgaben genutzt werden durch:<\/p><ul><li>Mitarbeiter des Wildfleischverarbeitungsunternehmens, und<\/li><li>J\u00e4ger von Jagdvereinen, die in vertraglicher Beziehung mit dem Verarbeiter stehen.<\/li><\/ul><p>Die Anwendung ist nicht \u00f6ffentlich, darf nicht \u00fcbertragen oder weiterverkauft werden und ist nur bestimmungsgem\u00e4\u00df zu verwenden.<\/p><h4>3. Geistiges Eigentum<\/h4><ul><li>Die Anwendung und alle ihre Komponenten (Quellcode, Grafiken, Struktur) sind geistiges Eigentum von <strong>Consigo Solutions Kft.<\/strong>.<\/li><li>Von den Benutzern eingegebene Daten (z. B. Fotos, Notizen) sind Eigentum des <strong>Wildfleischverarbeiters<\/strong>.<\/li><\/ul><h4>4. Einschr\u00e4nkungen<\/h4><p>Dem Benutzer ist es nicht gestattet, die Anwendung zur\u00fcckzuentwickeln, zu modifizieren, zu kopieren, zu vermieten oder zu verkaufen oder sie f\u00fcr andere als die bestimmungsgem\u00e4\u00dfen Zwecke zu nutzen.<\/p><h4>5. Haftungsbeschr\u00e4nkung<\/h4><p>Die Anwendung wird \u201ewie besehen\u201c bereitgestellt. <strong>Consigo Solutions Kft.<\/strong> \u00fcbernimmt keine Garantie f\u00fcr fehlerfreien oder unterbrechungsfreien Betrieb und haftet nicht f\u00fcr indirekte oder Folgesch\u00e4den (einschlie\u00dflich, aber nicht beschr\u00e4nkt auf Sch\u00e4den aufgrund administrativer Fehler oder Verz\u00f6gerungen).<\/p><h4>6. Aktualisierungen und \u00c4nderungen<\/h4><p>Consigo Solutions Kft. kann die Anwendung jederzeit aktualisieren oder \u00e4ndern. Die ge\u00e4nderte EULA gilt automatisch f\u00fcr die Nutzung neuer Versionen.<\/p><h4>7. Beendigung<\/h4><p>Der Zugang kann durch den Wildfleischverarbeiter oder durch Consigo Solutions Kft. mit sofortiger Wirkung beendet werden, wenn der Benutzer gegen diese EULA verst\u00f6\u00dft.<\/p><h4>8. Anwendbares Recht<\/h4><p>F\u00fcr diese EULA gilt ungarisches Recht.<\/p><footer><p>\u00a9 2025 Consigo Solutions Kft. \u2013 Dieses Dokument dient nur zu Informationszwecken und stellt keine Rechtsberatung dar.<\/p><\/footer><p>\u00a0<\/p>\t\t\t\t\t\t<\/div>\n\t\t\t\t<\/div>\n\t\t\t\t\t<\/div>\n\t\t<\/div>\n\t\t\t\t\t\t\t<\/div>\n\t\t<\/section>\n\t\t\t\t\t\t\t<\/div>\n\t\t","protected":false},"excerpt":{"rendered":"<p>DE EN HU Endbenutzer-Lizenzvereinbarung (EULA) Praeda Mobili MobilanwendungErstellt von: Consigo Solutions Kft. 1. Einleitung Diese Endbenutzer-Lizenzvereinbarung (\u201eEULA\u201c) legt die Bedingungen f\u00fcr die Nutzung der Praeda Mobili Mobilanwendung (\u201eAnwendung\u201c) fest. Die Anwendung wurde von Consigo Solutions Kft. (Sitz: 7761 Koz\u00e1rmisleny, Orgona utca 24.2, Steuernr.: 32345403-2-02, EU-USt-IdNr.: HU32345403) erstellt und bereitgestellt. Durch die Nutzung der Anwendung akzeptiert [&hellip;]<\/p>\n","protected":false},"author":1,"featured_media":0,"parent":0,"menu_order":0,"comment_status":"closed","ping_status":"closed","template":"blank","meta":{"footnotes":""},"class_list":["post-442","page","type-page","status-publish","hentry"],"_links":{"self":[{"href":"https:\/\/consigo.hu\/index.php\/wp-json\/wp\/v2\/pages\/442","targetHints":{"allow":["GET"]}}],"collection":[{"href":"https:\/\/consigo.hu\/index.php\/wp-json\/wp\/v2\/pages"}],"about":[{"href":"https:\/\/consigo.hu\/index.php\/wp-json\/wp\/v2\/types\/page"}],"author":[{"embeddable":true,"href":"https:\/\/consigo.hu\/index.php\/wp-json\/wp\/v2\/users\/1"}],"replies":[{"embeddable":true,"href":"https:\/\/consigo.hu\/index.php\/wp-json\/wp\/v2\/comments?post=442"}],"version-history":[{"count":6,"href":"https:\/\/consigo.hu\/index.php\/wp-json\/wp\/v2\/pages\/442\/revisions"}],"predecessor-version":[{"id":491,"href":"https:\/\/consigo.hu\/index.php\/wp-json\/wp\/v2\/pages\/442\/revisions\/491"}],"wp:attachment":[{"href":"https:\/\/consigo.hu\/index.php\/wp-json\/wp\/v2\/media?parent=442"}],"curies":[{"name":"wp","href":"https:\/\/api.w.org\/{rel}","templated":true}]}}