{"id":456,"date":"2025-08-19T07:53:38","date_gmt":"2025-08-19T07:53:38","guid":{"rendered":"https:\/\/consigo.hu\/?page_id=456"},"modified":"2025-08-19T08:02:40","modified_gmt":"2025-08-19T08:02:40","slug":"praeda-mobili-privacy-policy-hu","status":"publish","type":"page","link":"https:\/\/consigo.hu\/index.php\/praeda-mobili-privacy-policy-hu\/","title":{"rendered":"Praeda Mobili &#8211; Privacy Policy (HU)"},"content":{"rendered":"\t\t<div data-elementor-type=\"wp-page\" data-elementor-id=\"456\" class=\"elementor elementor-456\" data-elementor-post-type=\"page\">\n\t\t\t\t\t\t\t\t\t<section class=\"elementor-section elementor-top-section elementor-element elementor-element-107c23c elementor-section-boxed elementor-section-height-default elementor-section-height-default\" data-id=\"107c23c\" data-element_type=\"section\">\n\t\t\t\t\t\t<div class=\"elementor-container elementor-column-gap-default\">\n\t\t\t\t\t<div class=\"elementor-column elementor-col-16 elementor-top-column elementor-element elementor-element-ac98db1\" data-id=\"ac98db1\" data-element_type=\"column\">\n\t\t\t<div class=\"elementor-widget-wrap\">\n\t\t\t\t\t\t\t\t\t<\/div>\n\t\t<\/div>\n\t\t\t\t<div class=\"elementor-column elementor-col-16 elementor-top-column elementor-element elementor-element-361c39a\" data-id=\"361c39a\" data-element_type=\"column\">\n\t\t\t<div class=\"elementor-widget-wrap\">\n\t\t\t\t\t\t\t\t\t<\/div>\n\t\t<\/div>\n\t\t\t\t<div class=\"elementor-column elementor-col-16 elementor-top-column elementor-element elementor-element-ae54af2\" data-id=\"ae54af2\" data-element_type=\"column\">\n\t\t\t<div class=\"elementor-widget-wrap\">\n\t\t\t\t\t\t\t\t\t<\/div>\n\t\t<\/div>\n\t\t\t\t<div class=\"elementor-column elementor-col-16 elementor-top-column elementor-element elementor-element-5d96c88\" data-id=\"5d96c88\" data-element_type=\"column\">\n\t\t\t<div class=\"elementor-widget-wrap elementor-element-populated\">\n\t\t\t\t\t\t\t\t<div class=\"elementor-element elementor-element-75f23c9 elementor-widget elementor-widget-button\" data-id=\"75f23c9\" data-element_type=\"widget\" data-widget_type=\"button.default\">\n\t\t\t\t<div class=\"elementor-widget-container\">\n\t\t\t\t\t<div class=\"elementor-button-wrapper\">\n\t\t\t<a class=\"elementor-button elementor-button-link elementor-size-sm\" href=\"https:\/\/consigo.hu\/index.php\/praeda-mobili-privacy-policy-de\/\">\n\t\t\t\t\t\t<span class=\"elementor-button-content-wrapper\">\n\t\t\t\t\t\t<span class=\"elementor-button-text\">DE<\/span>\n\t\t<\/span>\n\t\t\t\t\t<\/a>\n\t\t<\/div>\n\t\t\t\t<\/div>\n\t\t\t\t<\/div>\n\t\t\t\t\t<\/div>\n\t\t<\/div>\n\t\t\t\t<div class=\"elementor-column elementor-col-16 elementor-top-column elementor-element elementor-element-4c6075d\" data-id=\"4c6075d\" data-element_type=\"column\">\n\t\t\t<div class=\"elementor-widget-wrap elementor-element-populated\">\n\t\t\t\t\t\t\t\t<div class=\"elementor-element elementor-element-29b0cbf elementor-widget elementor-widget-button\" data-id=\"29b0cbf\" data-element_type=\"widget\" data-widget_type=\"button.default\">\n\t\t\t\t<div class=\"elementor-widget-container\">\n\t\t\t\t\t<div class=\"elementor-button-wrapper\">\n\t\t\t<a class=\"elementor-button elementor-button-link elementor-size-sm\" href=\"https:\/\/consigo.hu\/index.php\/praeda-mobili-privacy-policy-en\/\">\n\t\t\t\t\t\t<span class=\"elementor-button-content-wrapper\">\n\t\t\t\t\t\t<span class=\"elementor-button-text\">EN<\/span>\n\t\t<\/span>\n\t\t\t\t\t<\/a>\n\t\t<\/div>\n\t\t\t\t<\/div>\n\t\t\t\t<\/div>\n\t\t\t\t\t<\/div>\n\t\t<\/div>\n\t\t\t\t<div class=\"elementor-column elementor-col-16 elementor-top-column elementor-element elementor-element-a05c205\" data-id=\"a05c205\" data-element_type=\"column\">\n\t\t\t<div class=\"elementor-widget-wrap elementor-element-populated\">\n\t\t\t\t\t\t\t\t<div class=\"elementor-element elementor-element-5638e46 elementor-widget elementor-widget-button\" data-id=\"5638e46\" data-element_type=\"widget\" data-widget_type=\"button.default\">\n\t\t\t\t<div class=\"elementor-widget-container\">\n\t\t\t\t\t<div class=\"elementor-button-wrapper\">\n\t\t\t<a class=\"elementor-button elementor-button-link elementor-size-sm\" href=\"https:\/\/consigo.hu\/index.php\/praeda-mobili-privacy-policy-hu\/\">\n\t\t\t\t\t\t<span class=\"elementor-button-content-wrapper\">\n\t\t\t\t\t\t<span class=\"elementor-button-text\">HU<\/span>\n\t\t<\/span>\n\t\t\t\t\t<\/a>\n\t\t<\/div>\n\t\t\t\t<\/div>\n\t\t\t\t<\/div>\n\t\t\t\t\t<\/div>\n\t\t<\/div>\n\t\t\t\t\t\t\t<\/div>\n\t\t<\/section>\n\t\t\t\t<section class=\"elementor-section elementor-top-section elementor-element elementor-element-80a8196 elementor-section-boxed elementor-section-height-default elementor-section-height-default\" data-id=\"80a8196\" data-element_type=\"section\">\n\t\t\t\t\t\t<div class=\"elementor-container elementor-column-gap-default\">\n\t\t\t\t\t<div class=\"elementor-column elementor-col-100 elementor-top-column elementor-element elementor-element-c5ff3c2\" data-id=\"c5ff3c2\" data-element_type=\"column\">\n\t\t\t<div class=\"elementor-widget-wrap elementor-element-populated\">\n\t\t\t\t\t\t\t\t<div class=\"elementor-element elementor-element-5501fe8 elementor-widget elementor-widget-image\" data-id=\"5501fe8\" data-element_type=\"widget\" data-widget_type=\"image.default\">\n\t\t\t\t<div class=\"elementor-widget-container\">\n\t\t\t<style>\/*! elementor - v3.16.0 - 17-10-2023 *\/\n.elementor-widget-image{text-align:center}.elementor-widget-image a{display:inline-block}.elementor-widget-image a img[src$=\".svg\"]{width:48px}.elementor-widget-image img{vertical-align:middle;display:inline-block}<\/style>\t\t\t\t\t\t\t\t\t\t\t\t<img loading=\"lazy\" decoding=\"async\" width=\"454\" height=\"165\" src=\"https:\/\/consigo.hu\/wp-content\/uploads\/2025\/08\/consigo_logo_new_tr-3.png\" class=\"attachment-large size-large wp-image-465\" alt=\"\" srcset=\"https:\/\/consigo.hu\/wp-content\/uploads\/2025\/08\/consigo_logo_new_tr-3.png 454w, https:\/\/consigo.hu\/wp-content\/uploads\/2025\/08\/consigo_logo_new_tr-3-300x109.png 300w\" sizes=\"auto, (max-width: 454px) 100vw, 454px\" \/>\t\t\t\t\t\t\t\t\t\t\t\t\t\t\t<\/div>\n\t\t\t\t<\/div>\n\t\t\t\t\t<\/div>\n\t\t<\/div>\n\t\t\t\t\t\t\t<\/div>\n\t\t<\/section>\n\t\t\t\t<section class=\"elementor-section elementor-top-section elementor-element elementor-element-2cd4c27 elementor-section-boxed elementor-section-height-default elementor-section-height-default\" data-id=\"2cd4c27\" data-element_type=\"section\">\n\t\t\t\t\t\t<div class=\"elementor-container elementor-column-gap-default\">\n\t\t\t\t\t<div class=\"elementor-column elementor-col-100 elementor-top-column elementor-element elementor-element-5753100\" data-id=\"5753100\" data-element_type=\"column\">\n\t\t\t<div class=\"elementor-widget-wrap elementor-element-populated\">\n\t\t\t\t\t\t\t\t<div class=\"elementor-element elementor-element-db87f8a elementor-widget elementor-widget-text-editor\" data-id=\"db87f8a\" data-element_type=\"widget\" data-widget_type=\"text-editor.default\">\n\t\t\t\t<div class=\"elementor-widget-container\">\n\t\t\t<style>\/*! elementor - v3.16.0 - 17-10-2023 *\/\n.elementor-widget-text-editor.elementor-drop-cap-view-stacked .elementor-drop-cap{background-color:#69727d;color:#fff}.elementor-widget-text-editor.elementor-drop-cap-view-framed .elementor-drop-cap{color:#69727d;border:3px solid;background-color:transparent}.elementor-widget-text-editor:not(.elementor-drop-cap-view-default) .elementor-drop-cap{margin-top:8px}.elementor-widget-text-editor:not(.elementor-drop-cap-view-default) .elementor-drop-cap-letter{width:1em;height:1em}.elementor-widget-text-editor .elementor-drop-cap{float:left;text-align:center;line-height:1;font-size:50px}.elementor-widget-text-editor .elementor-drop-cap-letter{display:inline-block}<\/style>\t\t\t\t<h3 style=\"text-align: center;\">Adatkezel\u00e9si T\u00e1j\u00e9koztat\u00f3 (Privacy Policy)<\/h3><h5 class=\"meta\" style=\"text-align: center;\">Praeda Mobili mobilalkalmaz\u00e1s<br \/>K\u00e9sz\u00edtette: Consigo Solutions Kft.<\/h5><h4>1. Bevezet\u00e9s<\/h4><p>Jelen Adatkezel\u00e9si T\u00e1j\u00e9koztat\u00f3 ismerteti, hogy a <strong>Praeda Mobili<\/strong> mobilalkalmaz\u00e1s haszn\u00e1lata sor\u00e1n milyen adatok kezel\u00e9se t\u00f6rt\u00e9nhet.<\/p><h4>2. Adatkezel\u0151<\/h4><p>Az Alkalmaz\u00e1sban keletkez\u0151 adatok <strong>adatkezel\u0151je a vadh\u00fasfeldolgoz\u00f3 v\u00e1llalat<\/strong>, amely az Alkalmaz\u00e1st \u00fczemelteti \u00e9s haszn\u00e1lja. A feldolgoz\u00f3 v\u00e1llalat hat\u00e1rozza meg az adatkezel\u00e9s c\u00e9lj\u00e1t, m\u00f3dj\u00e1t \u00e9s id\u0151tartam\u00e1t.<\/p><h4>3. Consigo Solutions Kft. szerepe<\/h4><ul><li>Az Alkalmaz\u00e1s technikai biztos\u00edt\u00e1s\u00e1t a <strong>Consigo Solutions Kft.<\/strong> v\u00e9gzi.<\/li><li>A Consigo Solutions Kft. <strong>nem f\u00e9r hozz\u00e1<\/strong> a rendszerben t\u00e1rolt adatokhoz, <strong>nem kezeli<\/strong> \u00e9s <strong>nem t\u00e1rolja<\/strong> a felhaszn\u00e1l\u00f3i adatokat.<\/li><li>A Consigo Solutions Kft. <strong>nem min\u0151s\u00fcl adatkezel\u0151nek<\/strong>, \u00e9s <strong>nem l\u00e1t el adatfeldolgoz\u00f3i feladatot<\/strong>.<\/li><\/ul><h4>4. Kezelt adatok k\u00f6re<\/h4><ul><li><strong>Sof\u0151r\u00f6k \u00e1ltal r\u00f6gz\u00edtett adatok:<\/strong> hibajelz\u00e9sek, f\u00e9nyk\u00e9pek a vadon \u00e9szlelt s\u00e9r\u00fcl\u00e9sekr\u0151l. Ezeket a <strong>vadh\u00fasfeldolgoz\u00f3 v\u00e1llalat saj\u00e1t szerver\u00e9n<\/strong> t\u00e1rolja.<\/li><li><strong>Vad\u00e1szok haszn\u00e1lata:<\/strong> k\u00f3d vagy QR azonos\u00edt\u00e1s szem\u00e9lyes adat megad\u00e1sa n\u00e9lk\u00fcl.<\/li><\/ul><h4>5. Adatkezel\u00e9s c\u00e9lja<\/h4><p>A vadh\u00fas nyomon k\u00f6vethet\u0151s\u00e9ge \u00e9s a logisztikai folyamatok dokument\u00e1l\u00e1sa.<\/p><h4>6. Adatok meg\u0151rz\u00e9si ideje<\/h4><p>Az adatmeg\u0151rz\u00e9si id\u0151t kiz\u00e1r\u00f3lag a vadh\u00fasfeldolgoz\u00f3 bels\u0151 szab\u00e1lyzata hat\u00e1rozza meg.<\/p><h4>7. Adattov\u00e1bb\u00edt\u00e1s<\/h4><p>Harmadik f\u00e9l r\u00e9sz\u00e9re adattov\u00e1bb\u00edt\u00e1s kiz\u00e1r\u00f3lag jogszab\u00e1lyi k\u00f6telezetts\u00e9g teljes\u00edt\u00e9se eset\u00e9n t\u00f6rt\u00e9nik.<\/p><h4>8. \u00c9rintetti jogok (GDPR)<\/h4><p>Az \u00e9rintettek a vadh\u00fasfeldolgoz\u00f3hoz fordulhatnak k\u00fcl\u00f6n\u00f6sen az al\u00e1bbi k\u00e9relmekkel: t\u00e1j\u00e9koztat\u00e1s, hozz\u00e1f\u00e9r\u00e9s, helyesb\u00edt\u00e9s, t\u00f6rl\u00e9s, korl\u00e1toz\u00e1s, tiltakoz\u00e1s.<\/p><h4>9. Biztons\u00e1gi int\u00e9zked\u00e9sek<\/h4><p>Az adatok a vadh\u00fasfeldolgoz\u00f3 szerver\u00e9n ker\u00fclnek t\u00e1rol\u00e1sra, a feldolgoz\u00f3 \u00e1ltal alkalmazott informatikai biztons\u00e1gi int\u00e9zked\u00e9sek mellett.<\/p><h4>10. El\u00e9rhet\u0151s\u00e9gek<\/h4><p><strong>Adatkezel\u0151:<\/strong> a vadh\u00fasfeldolgoz\u00f3 v\u00e1llalat (az adott szervezet saj\u00e1t szab\u00e1lyzata szerint).<br \/><strong>Fejleszt\u0151:<\/strong> Consigo Solutions Kft., 7761 Koz\u00e1rmisleny, Orgona utca 24.2 \u2022 ad\u00f3sz\u00e1m: 32345403-2-02 \u2022 EU ad\u00f3sz\u00e1m: HU32345403<br \/>E-mail: <a href=\"mailto:info@consigo.hu\">info@consigo.hu<\/a> | <a href=\"mailto:info@consigosolutions.eu\">info@consigosolutions.eu<\/a><br \/>Web: <a href=\"https:\/\/consigo.hu\">consigo.hu<\/a> | <a href=\"https:\/\/consigosolutions.eu\">consigosolutions.eu<\/a><br \/>Tel.: +36 30 576 8013<\/p><footer>\u00a9 2025 Consigo Solutions Kft. \u2013 Ez a dokumentum t\u00e1j\u00e9koztat\u00f3 jelleg\u0171, nem min\u0151s\u00fcl jogi tan\u00e1csad\u00e1snak.<p>\u00a0<\/p><\/footer>\t\t\t\t\t\t<\/div>\n\t\t\t\t<\/div>\n\t\t\t\t\t<\/div>\n\t\t<\/div>\n\t\t\t\t\t\t\t<\/div>\n\t\t<\/section>\n\t\t\t\t\t\t\t<\/div>\n\t\t","protected":false},"excerpt":{"rendered":"<p>DE EN HU Adatkezel\u00e9si T\u00e1j\u00e9koztat\u00f3 (Privacy Policy) Praeda Mobili mobilalkalmaz\u00e1sK\u00e9sz\u00edtette: Consigo Solutions Kft. 1. Bevezet\u00e9s Jelen Adatkezel\u00e9si T\u00e1j\u00e9koztat\u00f3 ismerteti, hogy a Praeda Mobili mobilalkalmaz\u00e1s haszn\u00e1lata sor\u00e1n milyen adatok kezel\u00e9se t\u00f6rt\u00e9nhet. 2. Adatkezel\u0151 Az Alkalmaz\u00e1sban keletkez\u0151 adatok adatkezel\u0151je a vadh\u00fasfeldolgoz\u00f3 v\u00e1llalat, amely az Alkalmaz\u00e1st \u00fczemelteti \u00e9s haszn\u00e1lja. A feldolgoz\u00f3 v\u00e1llalat hat\u00e1rozza meg az adatkezel\u00e9s c\u00e9lj\u00e1t, m\u00f3dj\u00e1t [&hellip;]<\/p>\n","protected":false},"author":1,"featured_media":0,"parent":0,"menu_order":0,"comment_status":"closed","ping_status":"closed","template":"blank","meta":{"footnotes":""},"class_list":["post-456","page","type-page","status-publish","hentry"],"_links":{"self":[{"href":"https:\/\/consigo.hu\/index.php\/wp-json\/wp\/v2\/pages\/456","targetHints":{"allow":["GET"]}}],"collection":[{"href":"https:\/\/consigo.hu\/index.php\/wp-json\/wp\/v2\/pages"}],"about":[{"href":"https:\/\/consigo.hu\/index.php\/wp-json\/wp\/v2\/types\/page"}],"author":[{"embeddable":true,"href":"https:\/\/consigo.hu\/index.php\/wp-json\/wp\/v2\/users\/1"}],"replies":[{"embeddable":true,"href":"https:\/\/consigo.hu\/index.php\/wp-json\/wp\/v2\/comments?post=456"}],"version-history":[{"count":13,"href":"https:\/\/consigo.hu\/index.php\/wp-json\/wp\/v2\/pages\/456\/revisions"}],"predecessor-version":[{"id":482,"href":"https:\/\/consigo.hu\/index.php\/wp-json\/wp\/v2\/pages\/456\/revisions\/482"}],"wp:attachment":[{"href":"https:\/\/consigo.hu\/index.php\/wp-json\/wp\/v2\/media?parent=456"}],"curies":[{"name":"wp","href":"https:\/\/api.w.org\/{rel}","templated":true}]}}